{"id":114,"date":"2026-04-07T18:10:08","date_gmt":"2026-04-07T18:10:08","guid":{"rendered":"https:\/\/assoiaba.com\/index.php\/home-3\/"},"modified":"2026-04-07T20:24:25","modified_gmt":"2026-04-07T20:24:25","slug":"home-3","status":"publish","type":"page","link":"https:\/\/assoiaba.com\/index.php\/home-3\/","title":{"rendered":"Accompagnements"},"content":{"rendered":"<div id=\"cs-content\" class=\"cs-content\"><div class=\"x-section e114-e1 m36-0 m36-1 m36-2\"><div class=\"x-bg\" aria-hidden=\"true\"><div class=\"x-bg-layer-lower-color\"><\/div><\/div><div class=\"x-div x-container max width e114-e2 m36-d m36-e m36-f\"><div class=\"x-row e114-e3 m36-m m36-n m36-o m36-p m36-q m36-r m36-x\"><div class=\"x-row-inner\"><div class=\"x-col e114-e4 m36-11 m36-12 m36-13 m36-14 m36-15 m36-16\"><div class=\"x-text x-text-headline e114-e5 m36-1b m36-1c m36-1d m36-1e m36-1f m36-1g\"><div class=\"x-text-content\"><div class=\"x-text-content-text\">\n<h2 class=\"x-text-content-text-primary\">Accompagnements<\/h2><\/div><\/div><\/div><\/div><\/div><\/div><\/div><\/div><div class=\"x-section e114-e6 m36-0 m36-3 m36-4\" id=\"about\"><div class=\"x-div x-container max width e114-e7 m36-d m36-e m36-f m36-g m36-h m36-i\"><div class=\"x-row e114-e8 m36-m m36-n m36-s m36-t m36-y\"><div class=\"x-row-inner\"><div class=\"x-col e114-e9 m36-14 m36-15 m36-17\"><div class=\"x-text x-content e114-e10 m36-1s m36-1t m36-1u m36-1v m36-8 m36-9 x-effect-exit\" data-x-effect=\"{&quot;scroll&quot;:true,&quot;offsetTop&quot;:&quot;10%&quot;,&quot;offsetBottom&quot;:&quot;10%&quot;,&quot;behaviorScroll&quot;:&quot;fire-once&quot;}\"><p>La d&eacute;marche IAB&Aacute; repose sur une p&eacute;dagogie du d&eacute;tour, pour oser tester, se tromper et apprendre dans un cadre s&eacute;curisant. Elle mobilise les outils artistiques et corporels pour accompagner les transformations individuelles et collectives.<\/p>\n<p>Plut&ocirc;t que de passer uniquement par le discours, j'invite &agrave; alterner pratique et th&eacute;orie afin de mieux comprendre de ce qui se joue dans la communication afin de :<\/p>\n<ul>\n<li>conscientiser pour mieux se comprendre<\/li>\n<li>affiner la communication verbale et non verbale,<\/li>\n<li>renforcer la confiance, la pr&eacute;sence et l&rsquo;ancrage,<\/li>\n<li>trouver sa juste place au sein d&rsquo;un collectif.<\/li>\n<\/ul>\n<p>Chaque accompagnement s&rsquo;inscrit dans un cadre s&eacute;curisant, bienveillant et structur&eacute;, permettant d&rsquo;oser, d&rsquo;exp&eacute;rimenter et d&rsquo;avancer sans jugement. <strong>Vous souhaitez savoir si cette d&eacute;marche est adapt&eacute;e &agrave; votre contexte ?<\/strong><\/p><\/div><a class=\"x-anchor x-anchor-button e114-e11 m36-22 m36-23 m36-a\" tabindex=\"0\" href=\"#\" data-x-effect=\"{&quot;durationBase&quot;:&quot;300ms&quot;}\"><div class=\"x-anchor-content\"><div class=\"x-anchor-text\"><span class=\"x-anchor-text-primary\">Prenons Contact<\/span><\/div><\/div><\/a><\/div><div class=\"x-col e114-e12 m36-14 m36-15 m36-16 m36-18\"><div class=\"x-bg\" aria-hidden=\"true\"><div class=\"x-bg-layer-lower-image\"><\/div><\/div><\/div><\/div><\/div><\/div><\/div><div class=\"x-section e114-e13 m36-0 m36-2 m36-5 m36-6\" id=\"pricing\"><div class=\"x-div x-container max width e114-e14 m36-d m36-e m36-f m36-g m36-i m36-j\"><div class=\"x-text x-text-headline e114-e15 m36-1b m36-1c m36-1d m36-1g m36-1h m36-1i m36-1j\"><div class=\"x-text-content\"><div class=\"x-text-content-text\">\n<h2 class=\"x-text-content-text-primary\">Les outils artistiques<\/h2><\/div><\/div><\/div><div class=\"x-text x-content e114-e16 m36-1t m36-1u m36-1v m36-1w m36-1x m36-1y m36-8 m36-9 x-effect-exit\" data-x-effect=\"{&quot;scroll&quot;:true,&quot;offsetTop&quot;:&quot;10%&quot;,&quot;offsetBottom&quot;:&quot;10%&quot;,&quot;behaviorScroll&quot;:&quot;fire-once&quot;}\">Ces outils sont mobilis\u00e9s de mani\u00e8re ajust\u00e9e selon les contextes de coaching, formation, cr\u00e9ation artistique ou team building.<\/div><div class=\"x-div x-container max width e114-e17 m36-d m36-e m36-f\"><div class=\"x-row e114-e18 m36-m m36-o m36-p m36-t m36-u m36-v m36-z\"><div class=\"x-row-inner\"><div class=\"x-col e114-e19 m36-11 m36-13 m36-14 m36-15 m36-16 m36-19 m36-8 m36-9 x-effect-exit\" data-x-effect=\"{&quot;scroll&quot;:true,&quot;offsetTop&quot;:&quot;10%&quot;,&quot;offsetBottom&quot;:&quot;10%&quot;,&quot;behaviorScroll&quot;:&quot;fire-once&quot;}\"><div class=\"x-text x-text-headline has-graphic e114-e20 m36-1d m36-1g m36-1j m36-1k m36-1l m36-1m m36-1n m36-1o\"><div class=\"x-text-content\"><span class=\"x-graphic\" aria-hidden=\"true\"><i class=\"x-icon x-graphic-child x-graphic-icon x-graphic-primary\" aria-hidden=\"true\" data-x-icon-s=\"&#xf762;\"><\/i><\/span><div class=\"x-text-content-text\"><h3 class=\"x-text-content-text-primary\">Corps en mouvement<\/h3>\n<p class=\"x-text-content-text-subheadline\">Danse, mise en mouvement et pr\u00e9sence, conscience corporelle, relation \u00e0 l\u2019espace, \u00e9coute de soi, respiration, ancrage et r\u00e9gulation.<\/p><\/div><\/div><\/div><\/div><div class=\"x-col e114-e21 m36-11 m36-13 m36-14 m36-15 m36-16 m36-19 m36-9 m36-b x-effect-exit\" data-x-effect=\"{&quot;scroll&quot;:true,&quot;offsetTop&quot;:&quot;10%&quot;,&quot;offsetBottom&quot;:&quot;10%&quot;,&quot;behaviorScroll&quot;:&quot;fire-once&quot;}\"><div class=\"x-text x-text-headline has-graphic e114-e22 m36-1c m36-1d m36-1g m36-1j m36-1k m36-1n m36-1o\"><div class=\"x-text-content\"><span class=\"x-graphic\" aria-hidden=\"true\"><i class=\"x-icon x-graphic-child x-graphic-icon x-graphic-primary\" aria-hidden=\"true\" data-x-icon-s=\"&#xf569;\"><\/i><\/span><div class=\"x-text-content-text\"><h3 class=\"x-text-content-text-primary\">Rythme <br \/>\n&amp; collectif<\/h3>\n<p class=\"x-text-content-text-subheadline\">Rythme, \u00e9coute relationnelle et active, synchronisation, coh\u00e9sion de groupe, ajustement \u00e0 soi et aux autres.<\/p><\/div><\/div><\/div><\/div><div class=\"x-col e114-e23 m36-11 m36-13 m36-14 m36-15 m36-16 m36-19 m36-9 m36-c x-effect-exit\" data-x-effect=\"{&quot;scroll&quot;:true,&quot;offsetTop&quot;:&quot;10%&quot;,&quot;offsetBottom&quot;:&quot;10%&quot;,&quot;behaviorScroll&quot;:&quot;fire-once&quot;}\"><div class=\"x-text x-text-headline has-graphic e114-e24 m36-1c m36-1d m36-1g m36-1j m36-1n m36-1o m36-1p\"><div class=\"x-text-content\"><span class=\"x-graphic\" aria-hidden=\"true\"><i class=\"x-icon x-graphic-child x-graphic-icon x-graphic-primary\" aria-hidden=\"true\" data-x-icon-s=\"&#xe149;\"><\/i><\/span><div class=\"x-text-content-text\"><h3 class=\"x-text-content-text-primary\">Expression & imaginaire<\/h3>\n<p class=\"x-text-content-text-subheadline\">Oralit\u00e9, jeu th\u00e9\u00e2tral, improvisation, prise de parole, expression de soi, cr\u00e9ativit\u00e9, spontan\u00e9it\u00e9, confiance et l\u00e2cher-prise.<\/p><\/div><\/div><\/div><\/div><div class=\"x-col e114-e25 m36-11 m36-13 m36-14 m36-15 m36-16 m36-19 m36-9 m36-c x-effect-exit\" data-x-effect=\"{&quot;scroll&quot;:true,&quot;offsetTop&quot;:&quot;10%&quot;,&quot;offsetBottom&quot;:&quot;10%&quot;,&quot;behaviorScroll&quot;:&quot;fire-once&quot;}\"><div class=\"x-text x-text-headline has-graphic e114-e26 m36-1c m36-1d m36-1g m36-1j m36-1n m36-1o m36-1p\"><div class=\"x-text-content\"><span class=\"x-graphic\" aria-hidden=\"true\"><i class=\"x-icon x-graphic-child x-graphic-icon x-graphic-primary\" aria-hidden=\"true\" data-x-icon-s=\"&#xf52d;\"><\/i><\/span><div class=\"x-text-content-text\"><h3 class=\"x-text-content-text-primary\">Sens & rituel<\/h3>\n<p class=\"x-text-content-text-subheadline\">Cadre symbolique et rituel, structuration des exp\u00e9riences, cr\u00e9ation de rep\u00e8res, mise en sens individuelle et collective, transformation.<\/p><\/div><\/div><\/div><\/div><\/div><\/div><\/div><\/div><\/div><div class=\"x-section e114-e27 m36-0 m36-4 m36-5 m36-7\"><div class=\"x-div x-container max width e114-e28 m36-d m36-e m36-g m36-i m36-j m36-k\"><div class=\"x-text x-text-headline e114-e29 m36-1b m36-1d m36-1f m36-1g m36-1h m36-1j m36-1m m36-1q\"><div class=\"x-text-content\"><div class=\"x-text-content-text\">\n<h2 class=\"x-text-content-text-primary\">Propositions<\/h2><\/div><\/div><\/div><div class=\"x-text x-content e114-e30 m36-1t m36-1u m36-1v m36-1w m36-1x m36-1z m36-8 m36-9 x-effect-exit\" data-x-effect=\"{&quot;scroll&quot;:true,&quot;offsetTop&quot;:&quot;10%&quot;,&quot;offsetBottom&quot;:&quot;10%&quot;,&quot;behaviorScroll&quot;:&quot;fire-once&quot;}\"><span style=\"font-weight: 400;\">Chaque accompagnement est pens\u00e9 sur mesure.<\/span><\/div><a class=\"x-anchor x-anchor-button e114-e31 m36-22 m36-24 m36-a\" tabindex=\"0\" href=\"#\" data-x-effect=\"{&quot;durationBase&quot;:&quot;300ms&quot;}\"><div class=\"x-anchor-content\"><div class=\"x-anchor-text\"><span class=\"x-anchor-text-primary\">Prenons Contact<\/span><\/div><\/div><\/a><div class=\"x-row e114-e32 m36-m m36-p m36-q m36-t m36-v m36-w m36-10\"><div class=\"x-row-inner\"><div class=\"x-col e114-e33 m36-11 m36-14 m36-16 m36-19 m36-1a\"><div class=\"x-div e114-e34 m36-e m36-g m36-h m36-l m36-8 m36-9 x-effect-exit\" data-x-effect-provider=\"colors particles effects\" data-x-effect=\"{&quot;scroll&quot;:true,&quot;offsetTop&quot;:&quot;10%&quot;,&quot;offsetBottom&quot;:&quot;10%&quot;,&quot;behaviorScroll&quot;:&quot;fire-once&quot;}\"><div class=\"x-text x-text-headline e114-e35 m36-1c m36-1d m36-1j m36-1o m36-1r\"><div class=\"x-text-content\"><div class=\"x-text-content-text\">\n<h3 class=\"x-text-content-text-primary\">Coaching &amp; Formations<\/h3><\/div><\/div><\/div><div class=\"x-text x-content e114-e36 m36-1t m36-1u m36-1x m36-20\">Le coaching individuel est un accompagnement personnalis\u00e9 pour travailler la prise de parole, la posture professionnelle, la confiance, la gestion du stress et la pr\u00e9sence. Le corps devient un appui concret pour clarifier ses intentions et agir avec justesse. Des formations en groupe sont \u00e9galement disponibles pour la prise de parole en public, l'affirmation de soi , la gestion du trac, la structuration du discours et la compr\u00e9hension des m\u00e9canismes de la communication.\n<\/div><\/div><\/div><div class=\"x-col e114-e37 m36-11 m36-14 m36-16 m36-19 m36-1a\"><div class=\"x-div e114-e38 m36-e m36-g m36-h m36-l m36-9 m36-b x-effect-exit\" data-x-effect-provider=\"colors particles effects\" data-x-effect=\"{&quot;scroll&quot;:true,&quot;offsetTop&quot;:&quot;10%&quot;,&quot;offsetBottom&quot;:&quot;10%&quot;,&quot;behaviorScroll&quot;:&quot;fire-once&quot;}\"><div class=\"x-text x-text-headline e114-e39 m36-1c m36-1d m36-1j m36-1o m36-1r\"><div class=\"x-text-content\"><div class=\"x-text-content-text\">\n<h3 class=\"x-text-content-text-primary\">Accompagnement <br \/>artistique<\/h3><\/div><\/div><\/div><div class=\"x-text x-content e114-e40 m36-1t m36-1x m36-20 m36-21\">J\u2019accompagne les artistes et les collectifs dans leurs processus de cr\u00e9ation, de transmission et de coh\u00e9sion. Un espace pour traverser les doutes, remettre du sens, renforcer le collectif et soutenir l\u2019\u00e9lan cr\u00e9atif.<\/div><\/div><\/div><div class=\"x-col e114-e41 m36-11 m36-14 m36-16 m36-19 m36-1a\"><div class=\"x-div e114-e42 m36-e m36-g m36-h m36-l m36-9 m36-c x-effect-exit\" data-x-effect-provider=\"colors particles effects\" data-x-effect=\"{&quot;scroll&quot;:true,&quot;offsetTop&quot;:&quot;10%&quot;,&quot;offsetBottom&quot;:&quot;10%&quot;,&quot;behaviorScroll&quot;:&quot;fire-once&quot;}\"><div class=\"x-text x-text-headline e114-e43 m36-1c m36-1d m36-1j m36-1o m36-1r\"><div class=\"x-text-content\"><div class=\"x-text-content-text\">\n<h3 class=\"x-text-content-text-primary\">Team Building Batiboom<\/h3><\/div><\/div><\/div><div class=\"x-text x-content e114-e44 m36-1t m36-1u m36-1x m36-20\">Des formats sur mesure pour les entreprises et les institutions autour d\u2019une exp\u00e9rience immersive par le rythme et la musique br\u00e9silienne. \u00c0 travers la cr\u00e9ation collective d\u2019une pi\u00e8ce musicale, les participant\u00b7es exp\u00e9rimentent l\u2019\u00e9coute, la coordination, le plaisir de faire ensemble et la force du collectif. Une exp\u00e9rience de team building par le rythme et la musique br\u00e9silienne. \u00c0 travers la cr\u00e9ation collective d\u2019une pi\u00e8ce musicale, les participant\u00b7es exp\u00e9rimentent l\u2019\u00e9coute, la coordination, le plaisir de faire ensemble et la force du collectif.<\/div><\/div><\/div><\/div><\/div><\/div><\/div><\/div>","protected":false},"excerpt":{"rendered":"<p>AccompagnementsLa d&eacute;marche IAB&Aacute; repose sur une p&eacute;dagogie du d&eacute;tour, pour oser tester, se tromper et apprendre dans un cadre s&eacute;curisant. Elle mobilise les outils artistiques et corporels pour accompagner les transformations individuelles et collectives. Plut&ocirc;t que de passer uniquement par le discours, j&rsquo;invite &agrave; alterner pratique et th&eacute;orie afin de mieux comprendre de ce qui se joue dans la communication\u2026<\/p>\n","protected":false},"author":1,"featured_media":0,"parent":0,"menu_order":0,"comment_status":"closed","ping_status":"closed","template":"","meta":{"footnotes":""},"class_list":["post-114","page","type-page","status-publish","hentry","no-post-thumbnail"],"_links":{"self":[{"href":"https:\/\/assoiaba.com\/index.php\/wp-json\/wp\/v2\/pages\/114","targetHints":{"allow":["GET"]}}],"collection":[{"href":"https:\/\/assoiaba.com\/index.php\/wp-json\/wp\/v2\/pages"}],"about":[{"href":"https:\/\/assoiaba.com\/index.php\/wp-json\/wp\/v2\/types\/page"}],"author":[{"embeddable":true,"href":"https:\/\/assoiaba.com\/index.php\/wp-json\/wp\/v2\/users\/1"}],"replies":[{"embeddable":true,"href":"https:\/\/assoiaba.com\/index.php\/wp-json\/wp\/v2\/comments?post=114"}],"version-history":[{"count":16,"href":"https:\/\/assoiaba.com\/index.php\/wp-json\/wp\/v2\/pages\/114\/revisions"}],"predecessor-version":[{"id":141,"href":"https:\/\/assoiaba.com\/index.php\/wp-json\/wp\/v2\/pages\/114\/revisions\/141"}],"wp:attachment":[{"href":"https:\/\/assoiaba.com\/index.php\/wp-json\/wp\/v2\/media?parent=114"}],"curies":[{"name":"wp","href":"https:\/\/api.w.org\/{rel}","templated":true}]}}